{"id":90,"date":"2019-11-28T10:36:39","date_gmt":"2019-11-28T09:36:39","guid":{"rendered":"http:\/\/www.chateau-des-aiguilles.com\/nl\/?page_id=90"},"modified":"2019-11-28T10:46:29","modified_gmt":"2019-11-28T09:46:29","slug":"contact","status":"publish","type":"page","link":"https:\/\/www.chateau-des-aiguilles.com\/nl\/contact\/","title":{"rendered":"Contact"},"content":{"rendered":"\n<figure class=\"wp-block-table\"><table class=\"\"><tbody><tr><td><strong> <\/strong>Voor meer informatie neemt u contact op met:<br><br><strong>Ch\u00e2teau des Aiguilles<br><\/strong>1 impasse du B\u00e9al<br>63500 St R\u00e9my de Chargnat <br><br>St R\u00e9my de Chargnat, een charmant dorpje in het park van Livradois-Forez, is een gemeente van 557 inwoners in Puy de D\u00f4me in de Auvergne. Het is omgeven door geschiedenis met vele historische plaatsen: Parentignat, Usson, Les Pradeaux, Bansat, Pic de Nonette. <br><br>Geografische co\u00f6rdinaten van het Ch\u00e2teau des Aiguilles:<br>45\u00b030&rsquo;57 \u00ab\u00a0N, 3\u00b019&rsquo;57 \u00ab\u00a0E\u00a0\u00bb.<br> Gps: 45.51582100 \/ 3.32668900<br> hoogte: 390m.<br><br>Ch\u00e2teau des Aiguilles ligt op 5 minuten van de snelweg A75, afslag 13, richting Parentignat en 40 km van Clermont-Ferrand en de luchthaven. Issoire ligt op 5 minuten afstand. U vindt er het meer, de winkels en het station. &nbsp; <\/td><td> <\/td><\/tr><\/tbody><\/table><\/figure>\n\n\n\n<div class=\"wpcf7 no-js\" id=\"wpcf7-f94-o1\" lang=\"fr-FR\" dir=\"ltr\" data-wpcf7-id=\"94\">\n<div class=\"screen-reader-response\"><p role=\"status\" aria-live=\"polite\" aria-atomic=\"true\"><\/p> <ul><\/ul><\/div>\n<form action=\"\/nl\/wp-json\/wp\/v2\/pages\/90#wpcf7-f94-o1\" method=\"post\" class=\"wpcf7-form init\" aria-label=\"Formulaire de contact\" novalidate=\"novalidate\" data-status=\"init\">\n<fieldset class=\"hidden-fields-container\"><input type=\"hidden\" name=\"_wpcf7\" value=\"94\" \/><input type=\"hidden\" name=\"_wpcf7_version\" value=\"6.1.5\" \/><input type=\"hidden\" name=\"_wpcf7_locale\" value=\"fr_FR\" \/><input type=\"hidden\" name=\"_wpcf7_unit_tag\" value=\"wpcf7-f94-o1\" \/><input type=\"hidden\" name=\"_wpcf7_container_post\" value=\"0\" \/><input type=\"hidden\" name=\"_wpcf7_posted_data_hash\" value=\"\" \/>\n<\/fieldset>\n<p>Naam\n<\/p>\n<p><span class=\"wpcf7-form-control-wrap\" data-name=\"your-name\"><input size=\"40\" maxlength=\"400\" class=\"wpcf7-form-control wpcf7-text wpcf7-validates-as-required\" aria-required=\"true\" aria-invalid=\"false\" value=\"\" type=\"text\" name=\"your-name\" \/><\/span>\n<\/p>\n<p>e-mail\n<\/p>\n<p><span class=\"wpcf7-form-control-wrap\" data-name=\"your-email\"><input size=\"40\" maxlength=\"400\" class=\"wpcf7-form-control wpcf7-email wpcf7-validates-as-required wpcf7-text wpcf7-validates-as-email\" aria-required=\"true\" aria-invalid=\"false\" value=\"\" type=\"email\" name=\"your-email\" \/><\/span>\n<\/p>\n<p>Bericht\n<\/p>\n<p><span class=\"wpcf7-form-control-wrap\" data-name=\"your-message\"><textarea cols=\"40\" rows=\"10\" maxlength=\"2000\" class=\"wpcf7-form-control wpcf7-textarea\" aria-invalid=\"false\" name=\"your-message\"><\/textarea><\/span>\n<\/p>\n<p><input class=\"wpcf7-form-control wpcf7-submit has-spinner\" type=\"submit\" value=\"Sturen\" \/>\n<\/p><input type=\"hidden\" id=\"ct_checkjs_cf7_d296c101daa88a51f6ca8cfc1ac79b50\" name=\"ct_checkjs_cf7\" value=\"0\" \/><script >setTimeout(function(){var ct_input_name = \"ct_checkjs_cf7_d296c101daa88a51f6ca8cfc1ac79b50\";if (document.getElementById(ct_input_name) !== null) {var ct_input_value = document.getElementById(ct_input_name).value;document.getElementById(ct_input_name).value = document.getElementById(ct_input_name).value.replace(ct_input_value, '1075694533');}}, 1000);<\/script><input\n                    class=\"apbct_special_field apbct_email_id__wp_contact_form_7\"\n                    name=\"apbct__email_id__wp_contact_form_7\"\n                    aria-label=\"apbct__label_id__wp_contact_form_7\"\n                    type=\"text\" size=\"30\" maxlength=\"200\" autocomplete=\"off\"\n                    value=\"\"\n                \/><p style=\"display: none !important;\" class=\"akismet-fields-container\" data-prefix=\"_wpcf7_ak_\"><label>&#916;<textarea name=\"_wpcf7_ak_hp_textarea\" cols=\"45\" rows=\"8\" maxlength=\"100\"><\/textarea><\/label><input type=\"hidden\" id=\"ak_js_1\" name=\"_wpcf7_ak_js\" value=\"91\"\/><script>document.getElementById( \"ak_js_1\" ).setAttribute( \"value\", ( new Date() ).getTime() );<\/script><\/p><div class=\"wpcf7-response-output\" aria-hidden=\"true\"><\/div>\n<\/form>\n<\/div>\n\n\n\n\n<figure><iframe src=\"https:\/\/www.google.com\/maps\/embed?pb=!1m18!1m12!1m3!1d2795.7151692065117!2d3.3266769!3d45.5158121!2m3!1f0!2f0!3f0!3m2!1i1024!2i768!4f13.1!4m3!3e6!4m0!4m0!5e0!3m2!1sfr!2sfr!4v1439199760274\" width=\"800\" height=\"600\" allowfullscreen=\"allowfullscreen\"><\/iframe><\/figure>\n\n\n\n<p><a href=\"https:\/\/www.google.fr\/maps\/place\/Ch%C3%A2teau+des+Aiguilles\/@45.5155109,3.3250145,17z\/data=!3m1!4b1!4m2!3m1!1s0x47f6582b3e29d4cd:0x40c8718c27d4e26b\">Voir sur Google Maps<\/a><\/p>\n","protected":false},"excerpt":{"rendered":"<p>Voor meer informatie neemt u contact op met: Ch\u00e2teau des Aiguilles1 impasse du B\u00e9al63500 St R\u00e9my de Chargnat St R\u00e9my de Chargnat, een charmant dorpje in het park van Livradois-Forez, is een gemeente van 557 inwoners in Puy de D\u00f4me in de Auvergne. Het is omgeven door geschiedenis met vele historische plaatsen: Parentignat, Usson, Les <a class=\"more-link\" href=\"https:\/\/www.chateau-des-aiguilles.com\/nl\/contact\/\">Lire plus &#8230;<\/a><\/p>\n","protected":false},"author":1,"featured_media":0,"parent":0,"menu_order":0,"comment_status":"closed","ping_status":"closed","template":"","meta":{"ngg_post_thumbnail":0,"footnotes":""},"class_list":["post-90","page","type-page","status-publish","hentry"],"_links":{"self":[{"href":"https:\/\/www.chateau-des-aiguilles.com\/nl\/wp-json\/wp\/v2\/pages\/90","targetHints":{"allow":["GET"]}}],"collection":[{"href":"https:\/\/www.chateau-des-aiguilles.com\/nl\/wp-json\/wp\/v2\/pages"}],"about":[{"href":"https:\/\/www.chateau-des-aiguilles.com\/nl\/wp-json\/wp\/v2\/types\/page"}],"author":[{"embeddable":true,"href":"https:\/\/www.chateau-des-aiguilles.com\/nl\/wp-json\/wp\/v2\/users\/1"}],"replies":[{"embeddable":true,"href":"https:\/\/www.chateau-des-aiguilles.com\/nl\/wp-json\/wp\/v2\/comments?post=90"}],"version-history":[{"count":3,"href":"https:\/\/www.chateau-des-aiguilles.com\/nl\/wp-json\/wp\/v2\/pages\/90\/revisions"}],"predecessor-version":[{"id":95,"href":"https:\/\/www.chateau-des-aiguilles.com\/nl\/wp-json\/wp\/v2\/pages\/90\/revisions\/95"}],"wp:attachment":[{"href":"https:\/\/www.chateau-des-aiguilles.com\/nl\/wp-json\/wp\/v2\/media?parent=90"}],"curies":[{"name":"wp","href":"https:\/\/api.w.org\/{rel}","templated":true}]}}