{"id":52,"date":"2019-11-28T09:28:01","date_gmt":"2019-11-28T08:28:01","guid":{"rendered":"http:\/\/www.chateau-des-aiguilles.com\/nl\/?page_id=52"},"modified":"2019-11-28T09:28:03","modified_gmt":"2019-11-28T08:28:03","slug":"tarieven-en-reserveringen-van-de-kamers-van-het-kasteel","status":"publish","type":"page","link":"https:\/\/www.chateau-des-aiguilles.com\/nl\/tarieven-en-reserveringen-van-de-kamers-van-het-kasteel\/","title":{"rendered":"Tarieven en reserveringen van de kamers van het kasteel"},"content":{"rendered":"\n<p>Het ontbijt is inbegrepen in de kamerprijs en wordt geserveerd op het terras of in de eetkamer van het kasteel (afhankelijk van het weer).<\/p>\n\n\n\n<p><strong>Wij bieden u 4 gastenkamers vanaf 75 euro:<\/strong><br> <a href=\"http:\/\/www.chateau-des-aiguilles.com\/nl\/marine\/\">Marine<\/a>: Capaciteit: 1 tot 4 personen.<br> <a href=\"http:\/\/www.chateau-des-aiguilles.com\/nl\/orient\/\">Orient<\/a>: Capaciteit 1 tot 3 personen.<br> <a href=\"http:\/\/www.chateau-des-aiguilles.com\/nl\/usson\/\">Usson<\/a>: Capaciteit: van 1 tot 2 personen.<br> <a href=\"http:\/\/www.chateau-des-aiguilles.com\/nl\/zen\/\">Zen<\/a>: Familiekamer. Capaciteit: van 1 tot 5 personen.<\/p>\n\n\n\n<p>De kamers zijn beschikbaar vanaf 17.00 uur en moeten op de dag van vertrek om 11.00 uur worden verlaten.<br>\nHoudt u er rekening mee dat onze terrein gesloten is van 11.00 tot 17.00 uur.<\/p>\n\n\n\n<hr class=\"wp-block-separator\"\/>\n\n\n\n<p><strong>Au ch\u00e2teau, vous avez acc\u00e8s \u00e0 :<\/strong><\/p>\n\n\n\n<p>&#8211; Un parking priv\u00e9 s\u00e9curis\u00e9.<br>&#8211; Wifi et t\u00e9l\u00e9vision dans toutes les chambres.<br>&#8211; Une piscine ext\u00e9rieure chauff\u00e9e d&rsquo;avril \u00e0 octobre,&nbsp;disponible de 17h \u00e0 22h &nbsp;&#8211; &nbsp;Les serviettes de bains ne sont pas fournies.<br>&#8211; Une terrasse ou vous pourrez pic-niquer et prendre un verre.<br>&#8211; Des soins du corps (soins \u00e9nerg\u00e9tiques et Reiki) sur r\u00e9servation.<br>&#8211; Des repas \u00e0 th\u00e8me sur r\u00e9servation <a href=\"http:\/\/www.chateau-des-aiguilles.com\/mariage-feodal\/\">(Voir un exemple)<\/a>.<br>&#8211; Amis motards, amis randonneurs, nous pouvons vous proposer sur r\u00e9servation un n\u00e9cessaire pic-nique. Tarif 12 \u20ac \/ personne.<br>&#8211; il est possible d&rsquo;obtenir un service lave-linge et s\u00e9chage &#8230; se renseigner aupr\u00e8s de vos h\u00f4tes.<\/p>\n\n\n\n<div class=\"wp-block-image\"><figure class=\"alignleft\"><img decoding=\"async\" src=\"http:\/\/www.chateau-des-aiguilles.com\/wp-content\/uploads\/2015\/08\/paiement.jpg\" alt=\"paiement\" class=\"wp-image-699\"\/><\/figure><\/div>\n","protected":false},"excerpt":{"rendered":"<p>Het ontbijt is inbegrepen in de kamerprijs en wordt geserveerd op het terras of in de eetkamer van het kasteel (afhankelijk van het weer). Wij bieden u 4 gastenkamers vanaf 75 euro: Marine: Capaciteit: 1 tot 4 personen. Orient: Capaciteit 1 tot 3 personen. Usson: Capaciteit: van 1 tot 2 personen. Zen: Familiekamer. Capaciteit: van <a class=\"more-link\" href=\"https:\/\/www.chateau-des-aiguilles.com\/nl\/tarieven-en-reserveringen-van-de-kamers-van-het-kasteel\/\">Lire plus &#8230;<\/a><\/p>\n","protected":false},"author":1,"featured_media":0,"parent":0,"menu_order":0,"comment_status":"closed","ping_status":"closed","template":"","meta":{"ngg_post_thumbnail":0,"footnotes":""},"class_list":["post-52","page","type-page","status-publish","hentry"],"_links":{"self":[{"href":"https:\/\/www.chateau-des-aiguilles.com\/nl\/wp-json\/wp\/v2\/pages\/52","targetHints":{"allow":["GET"]}}],"collection":[{"href":"https:\/\/www.chateau-des-aiguilles.com\/nl\/wp-json\/wp\/v2\/pages"}],"about":[{"href":"https:\/\/www.chateau-des-aiguilles.com\/nl\/wp-json\/wp\/v2\/types\/page"}],"author":[{"embeddable":true,"href":"https:\/\/www.chateau-des-aiguilles.com\/nl\/wp-json\/wp\/v2\/users\/1"}],"replies":[{"embeddable":true,"href":"https:\/\/www.chateau-des-aiguilles.com\/nl\/wp-json\/wp\/v2\/comments?post=52"}],"version-history":[{"count":4,"href":"https:\/\/www.chateau-des-aiguilles.com\/nl\/wp-json\/wp\/v2\/pages\/52\/revisions"}],"predecessor-version":[{"id":56,"href":"https:\/\/www.chateau-des-aiguilles.com\/nl\/wp-json\/wp\/v2\/pages\/52\/revisions\/56"}],"wp:attachment":[{"href":"https:\/\/www.chateau-des-aiguilles.com\/nl\/wp-json\/wp\/v2\/media?parent=52"}],"curies":[{"name":"wp","href":"https:\/\/api.w.org\/{rel}","templated":true}]}}