{"id":22,"date":"2015-08-06T09:37:47","date_gmt":"2015-08-06T08:37:47","guid":{"rendered":"http:\/\/www.chateau-des-aiguilles.com\/en\/?page_id=22"},"modified":"2017-01-05T16:46:56","modified_gmt":"2017-01-05T15:46:56","slug":"bed-and-breakfast-table","status":"publish","type":"page","link":"https:\/\/www.chateau-des-aiguilles.com\/en\/","title":{"rendered":"BED &#038; BREAKFAST&#8230;"},"content":{"rendered":"<p style=\"text-align: left;\"><a href=\"http:\/\/www.chateau-des-aiguilles.com\/en\/wp-content\/uploads\/sites\/3\/2015\/08\/12697350_154747644908504_560670971412924818_o.jpg\"><img decoding=\"async\" class=\"wp-image-346 size-full alignleft\" src=\"http:\/\/www.chateau-des-aiguilles.com\/en\/wp-content\/uploads\/sites\/3\/2015\/08\/12697350_154747644908504_560670971412924818_o.jpg\" alt=\"\" width=\"178\" height=\"178\" srcset=\"https:\/\/www.chateau-des-aiguilles.com\/en\/wp-content\/uploads\/sites\/3\/2015\/08\/12697350_154747644908504_560670971412924818_o.jpg 178w, https:\/\/www.chateau-des-aiguilles.com\/en\/wp-content\/uploads\/sites\/3\/2015\/08\/12697350_154747644908504_560670971412924818_o-150x150.jpg 150w\" sizes=\"(max-width: 178px) 100vw, 178px\" \/><\/a><\/p>\n<p style=\"text-align: left;\">You will receive a friendly welcome from Eric in the Ch\u00e2teau des Aiguilles.<br \/>\nThe bedrooms are three ears rated at the G\u00eetes de France.<br \/>\nLocated in Saint R\u00e9my de Chargnat, small village at the right edge of the Livradois-Forez park, near Issoire and approximately 30 minutes from the major town Clermont-Ferrand (Puy-de-D\u00f4me department).<br \/>\nThe hosts,\u00a0 Eric, will ensure you feel at ease, relaxed and ready to make the most of your stay.<br \/>\nIn this place you will feel quiet and peaceful : 4 warm and comfortable bedrooms, a heated swimming-pool (open from April to October), a beautiful terrace where to enjoy a drink.<\/p>\n<p>&nbsp;<\/p>\n","protected":false},"excerpt":{"rendered":"<p>You will receive a friendly welcome from Eric in the Ch\u00e2teau des Aiguilles. The bedrooms are three ears rated at the G\u00eetes de France. Located in Saint R\u00e9my de Chargnat, small village at the right edge of the Livradois-Forez park, near Issoire and approximately 30 minutes from the major town Clermont-Ferrand (Puy-de-D\u00f4me department). The hosts,\u00a0 <a class=\"more-link\" href=\"https:\/\/www.chateau-des-aiguilles.com\/en\/\">Lire plus &#8230;<\/a><\/p>\n","protected":false},"author":1,"featured_media":0,"parent":0,"menu_order":0,"comment_status":"closed","ping_status":"open","template":"","meta":{"ngg_post_thumbnail":0,"footnotes":""},"class_list":["post-22","page","type-page","status-publish","hentry"],"_links":{"self":[{"href":"https:\/\/www.chateau-des-aiguilles.com\/en\/wp-json\/wp\/v2\/pages\/22","targetHints":{"allow":["GET"]}}],"collection":[{"href":"https:\/\/www.chateau-des-aiguilles.com\/en\/wp-json\/wp\/v2\/pages"}],"about":[{"href":"https:\/\/www.chateau-des-aiguilles.com\/en\/wp-json\/wp\/v2\/types\/page"}],"author":[{"embeddable":true,"href":"https:\/\/www.chateau-des-aiguilles.com\/en\/wp-json\/wp\/v2\/users\/1"}],"replies":[{"embeddable":true,"href":"https:\/\/www.chateau-des-aiguilles.com\/en\/wp-json\/wp\/v2\/comments?post=22"}],"version-history":[{"count":9,"href":"https:\/\/www.chateau-des-aiguilles.com\/en\/wp-json\/wp\/v2\/pages\/22\/revisions"}],"predecessor-version":[{"id":348,"href":"https:\/\/www.chateau-des-aiguilles.com\/en\/wp-json\/wp\/v2\/pages\/22\/revisions\/348"}],"wp:attachment":[{"href":"https:\/\/www.chateau-des-aiguilles.com\/en\/wp-json\/wp\/v2\/media?parent=22"}],"curies":[{"name":"wp","href":"https:\/\/api.w.org\/{rel}","templated":true}]}}