{"id":104,"date":"2015-08-10T11:09:42","date_gmt":"2015-08-10T10:09:42","guid":{"rendered":"http:\/\/www.chateau-des-aiguilles.com\/en\/?page_id=104"},"modified":"2015-10-23T14:47:10","modified_gmt":"2015-10-23T13:47:10","slug":"contact-us","status":"publish","type":"page","link":"https:\/\/www.chateau-des-aiguilles.com\/en\/contact-us\/","title":{"rendered":"Contact us"},"content":{"rendered":"<table border=\"0\" width=\"100%\">\n<tbody>\n<tr>\n<td width=\"60%\">\n<h3>Ch\u00e2teau des Aiguilles<\/h3>\n<p><strong>How to contact us<\/strong><br \/>\nCh\u00e2teau des Aiguilles<br \/>\n1 impasse du B\u00e9al<br \/>\n63500 Saint R\u00e9my de Chargnat<\/p>\n<hr \/>\n<p><strong>Saint R\u00e9my de Chargnat<\/strong> is a lovely village of 557 inhabitants within the Livradois-Forez Park, <strong>Puy-de-D\u00f4me<\/strong> department in the <strong>Auvergne<\/strong> region.<br \/>\nThe castle is surrounded with numerous historical sites.<\/p>\n<p><strong>Geographical situation<\/strong> : 45\u00b030&rsquo;57\u201dnorth, 3\u00b019&rsquo;57\u201d east.<br \/>\n<strong>Satellite Navigation<\/strong> : 45.51582100\/3.32668900.<br \/>\n<strong>altitude<\/strong> : 390 m.<\/p>\n<p><strong>The castle<\/strong> is approximately 5 minutes from the A75 motorway, exit 13, direction <strong>Parentignat<\/strong>, 40 km from <strong>Clermont Ferrand<\/strong> town and airport and 5 minutes from <strong>Issoire<\/strong> where you will find a lake, shops and a railway station.<\/td>\n<td width=\"40%\">\n<h5 style=\"text-align: center;\">Contact us&#8230;.. quick answer!<\/h5>\n<p>\n<div class=\"wpcf7 no-js\" id=\"wpcf7-f107-o1\" lang=\"fr-FR\" dir=\"ltr\" data-wpcf7-id=\"107\">\n<div class=\"screen-reader-response\"><p role=\"status\" aria-live=\"polite\" aria-atomic=\"true\"><\/p> <ul><\/ul><\/div>\n<form action=\"\/en\/wp-json\/wp\/v2\/pages\/104#wpcf7-f107-o1\" method=\"post\" class=\"wpcf7-form init\" aria-label=\"Formulaire de contact\" novalidate=\"novalidate\" data-status=\"init\">\n<fieldset class=\"hidden-fields-container\"><input type=\"hidden\" name=\"_wpcf7\" value=\"107\" \/><input type=\"hidden\" name=\"_wpcf7_version\" value=\"6.1.5\" \/><input type=\"hidden\" name=\"_wpcf7_locale\" value=\"fr_FR\" \/><input type=\"hidden\" name=\"_wpcf7_unit_tag\" value=\"wpcf7-f107-o1\" \/><input type=\"hidden\" name=\"_wpcf7_container_post\" value=\"0\" \/><input type=\"hidden\" name=\"_wpcf7_posted_data_hash\" value=\"\" \/>\n<\/fieldset>\n<p>Your surname (compulsory)\n<\/p>\n<p><span class=\"wpcf7-form-control-wrap\" data-name=\"your-name\"><input size=\"40\" maxlength=\"400\" class=\"wpcf7-form-control wpcf7-text wpcf7-validates-as-required\" aria-required=\"true\" aria-invalid=\"false\" value=\"\" type=\"text\" name=\"your-name\" \/><\/span>\n<\/p>\n<p>Your email (compulsory)\n<\/p>\n<p><span class=\"wpcf7-form-control-wrap\" data-name=\"your-email\"><input size=\"40\" maxlength=\"400\" class=\"wpcf7-form-control wpcf7-email wpcf7-validates-as-required wpcf7-text wpcf7-validates-as-email\" aria-required=\"true\" aria-invalid=\"false\" value=\"\" type=\"email\" name=\"your-email\" \/><\/span>\n<\/p>\n<p>Your message\n<\/p>\n<p><span class=\"wpcf7-form-control-wrap\" data-name=\"your-message\"><textarea cols=\"40\" rows=\"10\" maxlength=\"2000\" class=\"wpcf7-form-control wpcf7-textarea\" aria-invalid=\"false\" name=\"your-message\"><\/textarea><\/span>\n<\/p>\n<p><input class=\"wpcf7-form-control wpcf7-submit has-spinner\" type=\"submit\" value=\"Send\" \/>\n<\/p><input type=\"hidden\" id=\"ct_checkjs_cf7_8c6744c9d42ec2cb9e8885b54ff744d0\" name=\"ct_checkjs_cf7\" value=\"0\" \/><script >setTimeout(function(){var ct_input_name = \"ct_checkjs_cf7_8c6744c9d42ec2cb9e8885b54ff744d0\";if (document.getElementById(ct_input_name) !== null) {var ct_input_value = document.getElementById(ct_input_name).value;document.getElementById(ct_input_name).value = document.getElementById(ct_input_name).value.replace(ct_input_value, '353606559');}}, 1000);<\/script><input\n                    class=\"apbct_special_field apbct_email_id__wp_contact_form_7\"\n                    name=\"apbct__email_id__wp_contact_form_7\"\n                    aria-label=\"apbct__label_id__wp_contact_form_7\"\n                    type=\"text\" size=\"30\" maxlength=\"200\" autocomplete=\"off\"\n                    value=\"\"\n                \/><p style=\"display: none !important;\" class=\"akismet-fields-container\" data-prefix=\"_wpcf7_ak_\"><label>&#916;<textarea name=\"_wpcf7_ak_hp_textarea\" cols=\"45\" rows=\"8\" maxlength=\"100\"><\/textarea><\/label><input type=\"hidden\" id=\"ak_js_1\" name=\"_wpcf7_ak_js\" value=\"45\"\/><script>document.getElementById( \"ak_js_1\" ).setAttribute( \"value\", ( new Date() ).getTime() );<\/script><\/p><div class=\"wpcf7-response-output\" aria-hidden=\"true\"><\/div>\n<\/form>\n<\/div>\n<\/td>\n<\/tr>\n<\/tbody>\n<\/table>\n<p><iframe style=\"border: 0;\" src=\"https:\/\/www.google.com\/maps\/embed?pb=!1m18!1m12!1m3!1d2795.7151692065117!2d3.3266769!3d45.5158121!2m3!1f0!2f0!3f0!3m2!1i1024!2i768!4f13.1!4m3!3e6!4m0!4m0!5e0!3m2!1sfr!2sfr!4v1439199760274\" width=\"800\" height=\"600\" frameborder=\"0\" allowfullscreen=\"allowfullscreen\"><\/iframe><\/p>\n","protected":false},"excerpt":{"rendered":"<p>Ch\u00e2teau des Aiguilles How to contact us Ch\u00e2teau des Aiguilles 1 impasse du B\u00e9al 63500 Saint R\u00e9my de Chargnat Saint R\u00e9my de Chargnat is a lovely village of 557 inhabitants within the Livradois-Forez Park, Puy-de-D\u00f4me department in the Auvergne region. The castle is surrounded with numerous historical sites. Geographical situation : 45\u00b030&rsquo;57\u201dnorth, 3\u00b019&rsquo;57\u201d east. Satellite <a class=\"more-link\" href=\"https:\/\/www.chateau-des-aiguilles.com\/en\/contact-us\/\">Lire plus &#8230;<\/a><\/p>\n","protected":false},"author":1,"featured_media":0,"parent":0,"menu_order":0,"comment_status":"closed","ping_status":"open","template":"","meta":{"ngg_post_thumbnail":0,"footnotes":""},"class_list":["post-104","page","type-page","status-publish","hentry"],"_links":{"self":[{"href":"https:\/\/www.chateau-des-aiguilles.com\/en\/wp-json\/wp\/v2\/pages\/104","targetHints":{"allow":["GET"]}}],"collection":[{"href":"https:\/\/www.chateau-des-aiguilles.com\/en\/wp-json\/wp\/v2\/pages"}],"about":[{"href":"https:\/\/www.chateau-des-aiguilles.com\/en\/wp-json\/wp\/v2\/types\/page"}],"author":[{"embeddable":true,"href":"https:\/\/www.chateau-des-aiguilles.com\/en\/wp-json\/wp\/v2\/users\/1"}],"replies":[{"embeddable":true,"href":"https:\/\/www.chateau-des-aiguilles.com\/en\/wp-json\/wp\/v2\/comments?post=104"}],"version-history":[{"count":10,"href":"https:\/\/www.chateau-des-aiguilles.com\/en\/wp-json\/wp\/v2\/pages\/104\/revisions"}],"predecessor-version":[{"id":310,"href":"https:\/\/www.chateau-des-aiguilles.com\/en\/wp-json\/wp\/v2\/pages\/104\/revisions\/310"}],"wp:attachment":[{"href":"https:\/\/www.chateau-des-aiguilles.com\/en\/wp-json\/wp\/v2\/media?parent=104"}],"curies":[{"name":"wp","href":"https:\/\/api.w.org\/{rel}","templated":true}]}}