{"id":82,"date":"2015-11-09T18:14:27","date_gmt":"2015-11-09T17:14:27","guid":{"rendered":"http:\/\/www.chateau-des-aiguilles.com\/all\/?page_id=82"},"modified":"2015-11-09T18:19:46","modified_gmt":"2015-11-09T17:19:46","slug":"unser-schloss-gestern-und-heute","status":"publish","type":"page","link":"https:\/\/www.chateau-des-aiguilles.com\/all\/unser-schloss-gestern-und-heute\/","title":{"rendered":"Unser Schloss &#8211; Gestern und Heute:"},"content":{"rendered":"<p>2011 erwarben wir das Anwesen \u00abLe Ch\u00e2teau des Aiguilles\u00bb. Die Aussenmauern und das Dach wurden aufwendig renoviert. Dadurch erhielt das mittelalterliche Geb\u00e4ude\u00a0 wieder seine urspr\u00fcngliche Sch\u00f6nheit. Weiterhin wurden die Parkanlagen um das Schloss und den M\u00fchlbach grundlegend zum Wohle der G\u00e4ste neu gestaltet.<\/p>\n<p>Heute bieten der beheizte Pool und die angrenzende G\u00e4steterrasse mit Springbrunnen, ein angenehmes Ambiente &#8211; eine wirkliche \u201cRuheinsel\u201d.<\/p>\n<p>Auch die Innenarchitektur lie\u00dfen wir erneuern. Jedes unserer G\u00e4stezimmer steht unter einer anderen Thematik, die durch die Einrichtung bestimmt wird. Ein herrliches Speisezimmer erwartet Sie f\u00fcr das reichhaltige Fr\u00fchst\u00fcck.<\/p>\n<p><!-- default-view.php -->\n<div\n\tclass=\"ngg-galleryoverview default-view\n\t ngg-ajax-pagination-none\t\"\n\tid=\"ngg-gallery-dcc33971210713f1723ee9dbf2e072e6-1\"\n\tdata-gallery-id=\"2\">\n\n\t\t<!-- Thumbnails -->\n\t\t\t\t<div id=\"ngg-image-0\" class=\"ngg-gallery-thumbnail-box\n\t\t\t\t\t\t\t\t\t\t\t\"\n\t\t\t>\n\t\t\t\t\t\t<div class=\"ngg-gallery-thumbnail\">\n\t\t\t<a href=\"https:\/\/www.chateau-des-aiguilles.com\/all\/wp-content\/uploads\/sites\/4\/nggallery\/travaux\/chateau-aiguilles-travaux-1-Medium.JPG\"\n\t\t\t\ttitle=\"\"\n\t\t\t\tdata-src=\"https:\/\/www.chateau-des-aiguilles.com\/all\/wp-content\/uploads\/sites\/4\/nggallery\/travaux\/chateau-aiguilles-travaux-1-Medium.JPG\"\n\t\t\t\tdata-thumbnail=\"https:\/\/www.chateau-des-aiguilles.com\/all\/wp-content\/uploads\/sites\/4\/nggallery\/travaux\/thumbs\/thumbs_chateau-aiguilles-travaux-1-Medium.JPG\"\n\t\t\t\tdata-image-id=\"17\"\n\t\t\t\tdata-title=\"chateau aiguilles travaux (1) (Medium)\"\n\t\t\t\tdata-description=\"\"\n\t\t\t\tdata-image-slug=\"chateau-aiguilles-travaux-1-medium\"\n\t\t\t\t\t\t\t\t\t\t\t\t\t\t\t\t\t\t\t\tclass=\"ngg-fancybox\" rel=\"dcc33971210713f1723ee9dbf2e072e6\">\n\t\t\t\t\t\t\t\t<img\n\t\t\t\t\ttitle=\"chateau aiguilles travaux (1) (Medium)\"\n\t\t\t\t\talt=\"chateau aiguilles travaux (1) (Medium)\"\n\t\t\t\t\tsrc=\"https:\/\/www.chateau-des-aiguilles.com\/all\/wp-content\/uploads\/sites\/4\/nggallery\/travaux\/thumbs\/thumbs_chateau-aiguilles-travaux-1-Medium.JPG\"\n\t\t\t\t\twidth=\"240\"\n\t\t\t\t\theight=\"160\"\n\t\t\t\t\tstyle=\"max-width:100%;\"\n\t\t\t\t\/>\n\t\t\t<\/a>\n\t\t<\/div>\n\t\t\t\t\t\t\t<\/div>\n\t\t\t\n\t\t\t\t<div id=\"ngg-image-1\" class=\"ngg-gallery-thumbnail-box\n\t\t\t\t\t\t\t\t\t\t\t\"\n\t\t\t>\n\t\t\t\t\t\t<div class=\"ngg-gallery-thumbnail\">\n\t\t\t<a href=\"https:\/\/www.chateau-des-aiguilles.com\/all\/wp-content\/uploads\/sites\/4\/nggallery\/travaux\/chateau-aiguilles-travaux-2-Medium.jpg\"\n\t\t\t\ttitle=\"\"\n\t\t\t\tdata-src=\"https:\/\/www.chateau-des-aiguilles.com\/all\/wp-content\/uploads\/sites\/4\/nggallery\/travaux\/chateau-aiguilles-travaux-2-Medium.jpg\"\n\t\t\t\tdata-thumbnail=\"https:\/\/www.chateau-des-aiguilles.com\/all\/wp-content\/uploads\/sites\/4\/nggallery\/travaux\/thumbs\/thumbs_chateau-aiguilles-travaux-2-Medium.jpg\"\n\t\t\t\tdata-image-id=\"18\"\n\t\t\t\tdata-title=\"chateau aiguilles travaux (2) (Medium)\"\n\t\t\t\tdata-description=\"\"\n\t\t\t\tdata-image-slug=\"chateau-aiguilles-travaux-2-medium\"\n\t\t\t\t\t\t\t\t\t\t\t\t\t\t\t\t\t\t\t\tclass=\"ngg-fancybox\" rel=\"dcc33971210713f1723ee9dbf2e072e6\">\n\t\t\t\t\t\t\t\t<img\n\t\t\t\t\ttitle=\"chateau aiguilles travaux (2) (Medium)\"\n\t\t\t\t\talt=\"chateau aiguilles travaux (2) (Medium)\"\n\t\t\t\t\tsrc=\"https:\/\/www.chateau-des-aiguilles.com\/all\/wp-content\/uploads\/sites\/4\/nggallery\/travaux\/thumbs\/thumbs_chateau-aiguilles-travaux-2-Medium.jpg\"\n\t\t\t\t\twidth=\"240\"\n\t\t\t\t\theight=\"160\"\n\t\t\t\t\tstyle=\"max-width:100%;\"\n\t\t\t\t\/>\n\t\t\t<\/a>\n\t\t<\/div>\n\t\t\t\t\t\t\t<\/div>\n\t\t\t\n\t\t\t\t<div id=\"ngg-image-2\" class=\"ngg-gallery-thumbnail-box\n\t\t\t\t\t\t\t\t\t\t\t\"\n\t\t\t>\n\t\t\t\t\t\t<div class=\"ngg-gallery-thumbnail\">\n\t\t\t<a href=\"https:\/\/www.chateau-des-aiguilles.com\/all\/wp-content\/uploads\/sites\/4\/nggallery\/travaux\/chateau-aiguilles-travaux-3-Medium.jpg\"\n\t\t\t\ttitle=\"\"\n\t\t\t\tdata-src=\"https:\/\/www.chateau-des-aiguilles.com\/all\/wp-content\/uploads\/sites\/4\/nggallery\/travaux\/chateau-aiguilles-travaux-3-Medium.jpg\"\n\t\t\t\tdata-thumbnail=\"https:\/\/www.chateau-des-aiguilles.com\/all\/wp-content\/uploads\/sites\/4\/nggallery\/travaux\/thumbs\/thumbs_chateau-aiguilles-travaux-3-Medium.jpg\"\n\t\t\t\tdata-image-id=\"19\"\n\t\t\t\tdata-title=\"chateau aiguilles travaux (3) (Medium)\"\n\t\t\t\tdata-description=\"\"\n\t\t\t\tdata-image-slug=\"chateau-aiguilles-travaux-3-medium\"\n\t\t\t\t\t\t\t\t\t\t\t\t\t\t\t\t\t\t\t\tclass=\"ngg-fancybox\" rel=\"dcc33971210713f1723ee9dbf2e072e6\">\n\t\t\t\t\t\t\t\t<img\n\t\t\t\t\ttitle=\"chateau aiguilles travaux (3) (Medium)\"\n\t\t\t\t\talt=\"chateau aiguilles travaux (3) (Medium)\"\n\t\t\t\t\tsrc=\"https:\/\/www.chateau-des-aiguilles.com\/all\/wp-content\/uploads\/sites\/4\/nggallery\/travaux\/thumbs\/thumbs_chateau-aiguilles-travaux-3-Medium.jpg\"\n\t\t\t\t\twidth=\"240\"\n\t\t\t\t\theight=\"160\"\n\t\t\t\t\tstyle=\"max-width:100%;\"\n\t\t\t\t\/>\n\t\t\t<\/a>\n\t\t<\/div>\n\t\t\t\t\t\t\t<\/div>\n\t\t\t\n\t\t\t\t<div id=\"ngg-image-3\" class=\"ngg-gallery-thumbnail-box\n\t\t\t\t\t\t\t\t\t\t\t\"\n\t\t\t>\n\t\t\t\t\t\t<div class=\"ngg-gallery-thumbnail\">\n\t\t\t<a href=\"https:\/\/www.chateau-des-aiguilles.com\/all\/wp-content\/uploads\/sites\/4\/nggallery\/travaux\/chateau-aiguilles-travaux-4-Medium.jpg\"\n\t\t\t\ttitle=\"\"\n\t\t\t\tdata-src=\"https:\/\/www.chateau-des-aiguilles.com\/all\/wp-content\/uploads\/sites\/4\/nggallery\/travaux\/chateau-aiguilles-travaux-4-Medium.jpg\"\n\t\t\t\tdata-thumbnail=\"https:\/\/www.chateau-des-aiguilles.com\/all\/wp-content\/uploads\/sites\/4\/nggallery\/travaux\/thumbs\/thumbs_chateau-aiguilles-travaux-4-Medium.jpg\"\n\t\t\t\tdata-image-id=\"20\"\n\t\t\t\tdata-title=\"chateau aiguilles travaux (4) (Medium)\"\n\t\t\t\tdata-description=\"\"\n\t\t\t\tdata-image-slug=\"chateau-aiguilles-travaux-4-medium\"\n\t\t\t\t\t\t\t\t\t\t\t\t\t\t\t\t\t\t\t\tclass=\"ngg-fancybox\" rel=\"dcc33971210713f1723ee9dbf2e072e6\">\n\t\t\t\t\t\t\t\t<img\n\t\t\t\t\ttitle=\"chateau aiguilles travaux (4) (Medium)\"\n\t\t\t\t\talt=\"chateau aiguilles travaux (4) (Medium)\"\n\t\t\t\t\tsrc=\"https:\/\/www.chateau-des-aiguilles.com\/all\/wp-content\/uploads\/sites\/4\/nggallery\/travaux\/thumbs\/thumbs_chateau-aiguilles-travaux-4-Medium.jpg\"\n\t\t\t\t\twidth=\"240\"\n\t\t\t\t\theight=\"160\"\n\t\t\t\t\tstyle=\"max-width:100%;\"\n\t\t\t\t\/>\n\t\t\t<\/a>\n\t\t<\/div>\n\t\t\t\t\t\t\t<\/div>\n\t\t\t\n\t\t\t\t<div id=\"ngg-image-4\" class=\"ngg-gallery-thumbnail-box\n\t\t\t\t\t\t\t\t\t\t\t\"\n\t\t\t>\n\t\t\t\t\t\t<div class=\"ngg-gallery-thumbnail\">\n\t\t\t<a href=\"https:\/\/www.chateau-des-aiguilles.com\/all\/wp-content\/uploads\/sites\/4\/nggallery\/travaux\/chateau-aiguilles-travaux-5-Medium.jpg\"\n\t\t\t\ttitle=\"\"\n\t\t\t\tdata-src=\"https:\/\/www.chateau-des-aiguilles.com\/all\/wp-content\/uploads\/sites\/4\/nggallery\/travaux\/chateau-aiguilles-travaux-5-Medium.jpg\"\n\t\t\t\tdata-thumbnail=\"https:\/\/www.chateau-des-aiguilles.com\/all\/wp-content\/uploads\/sites\/4\/nggallery\/travaux\/thumbs\/thumbs_chateau-aiguilles-travaux-5-Medium.jpg\"\n\t\t\t\tdata-image-id=\"21\"\n\t\t\t\tdata-title=\"chateau aiguilles travaux (5) (Medium)\"\n\t\t\t\tdata-description=\"\"\n\t\t\t\tdata-image-slug=\"chateau-aiguilles-travaux-5-medium\"\n\t\t\t\t\t\t\t\t\t\t\t\t\t\t\t\t\t\t\t\tclass=\"ngg-fancybox\" rel=\"dcc33971210713f1723ee9dbf2e072e6\">\n\t\t\t\t\t\t\t\t<img\n\t\t\t\t\ttitle=\"chateau aiguilles travaux (5) (Medium)\"\n\t\t\t\t\talt=\"chateau aiguilles travaux (5) (Medium)\"\n\t\t\t\t\tsrc=\"https:\/\/www.chateau-des-aiguilles.com\/all\/wp-content\/uploads\/sites\/4\/nggallery\/travaux\/thumbs\/thumbs_chateau-aiguilles-travaux-5-Medium.jpg\"\n\t\t\t\t\twidth=\"240\"\n\t\t\t\t\theight=\"160\"\n\t\t\t\t\tstyle=\"max-width:100%;\"\n\t\t\t\t\/>\n\t\t\t<\/a>\n\t\t<\/div>\n\t\t\t\t\t\t\t<\/div>\n\t\t\t\n\t\t\t\t<div id=\"ngg-image-5\" class=\"ngg-gallery-thumbnail-box\n\t\t\t\t\t\t\t\t\t\t\t\"\n\t\t\t>\n\t\t\t\t\t\t<div class=\"ngg-gallery-thumbnail\">\n\t\t\t<a href=\"https:\/\/www.chateau-des-aiguilles.com\/all\/wp-content\/uploads\/sites\/4\/nggallery\/travaux\/chateau-aiguilles-travaux-6-Medium.jpg\"\n\t\t\t\ttitle=\"\"\n\t\t\t\tdata-src=\"https:\/\/www.chateau-des-aiguilles.com\/all\/wp-content\/uploads\/sites\/4\/nggallery\/travaux\/chateau-aiguilles-travaux-6-Medium.jpg\"\n\t\t\t\tdata-thumbnail=\"https:\/\/www.chateau-des-aiguilles.com\/all\/wp-content\/uploads\/sites\/4\/nggallery\/travaux\/thumbs\/thumbs_chateau-aiguilles-travaux-6-Medium.jpg\"\n\t\t\t\tdata-image-id=\"22\"\n\t\t\t\tdata-title=\"chateau aiguilles travaux (6) (Medium)\"\n\t\t\t\tdata-description=\"\"\n\t\t\t\tdata-image-slug=\"chateau-aiguilles-travaux-6-medium\"\n\t\t\t\t\t\t\t\t\t\t\t\t\t\t\t\t\t\t\t\tclass=\"ngg-fancybox\" rel=\"dcc33971210713f1723ee9dbf2e072e6\">\n\t\t\t\t\t\t\t\t<img\n\t\t\t\t\ttitle=\"chateau aiguilles travaux (6) (Medium)\"\n\t\t\t\t\talt=\"chateau aiguilles travaux (6) (Medium)\"\n\t\t\t\t\tsrc=\"https:\/\/www.chateau-des-aiguilles.com\/all\/wp-content\/uploads\/sites\/4\/nggallery\/travaux\/thumbs\/thumbs_chateau-aiguilles-travaux-6-Medium.jpg\"\n\t\t\t\t\twidth=\"240\"\n\t\t\t\t\theight=\"160\"\n\t\t\t\t\tstyle=\"max-width:100%;\"\n\t\t\t\t\/>\n\t\t\t<\/a>\n\t\t<\/div>\n\t\t\t\t\t\t\t<\/div>\n\t\t\t\n\t\t\t\t<div id=\"ngg-image-6\" class=\"ngg-gallery-thumbnail-box\n\t\t\t\t\t\t\t\t\t\t\t\"\n\t\t\t>\n\t\t\t\t\t\t<div class=\"ngg-gallery-thumbnail\">\n\t\t\t<a href=\"https:\/\/www.chateau-des-aiguilles.com\/all\/wp-content\/uploads\/sites\/4\/nggallery\/travaux\/chateau-aiguilles-travaux-7-Medium.jpg\"\n\t\t\t\ttitle=\"\"\n\t\t\t\tdata-src=\"https:\/\/www.chateau-des-aiguilles.com\/all\/wp-content\/uploads\/sites\/4\/nggallery\/travaux\/chateau-aiguilles-travaux-7-Medium.jpg\"\n\t\t\t\tdata-thumbnail=\"https:\/\/www.chateau-des-aiguilles.com\/all\/wp-content\/uploads\/sites\/4\/nggallery\/travaux\/thumbs\/thumbs_chateau-aiguilles-travaux-7-Medium.jpg\"\n\t\t\t\tdata-image-id=\"23\"\n\t\t\t\tdata-title=\"chateau aiguilles travaux (7) (Medium)\"\n\t\t\t\tdata-description=\"\"\n\t\t\t\tdata-image-slug=\"chateau-aiguilles-travaux-7-medium\"\n\t\t\t\t\t\t\t\t\t\t\t\t\t\t\t\t\t\t\t\tclass=\"ngg-fancybox\" rel=\"dcc33971210713f1723ee9dbf2e072e6\">\n\t\t\t\t\t\t\t\t<img\n\t\t\t\t\ttitle=\"chateau aiguilles travaux (7) (Medium)\"\n\t\t\t\t\talt=\"chateau aiguilles travaux (7) (Medium)\"\n\t\t\t\t\tsrc=\"https:\/\/www.chateau-des-aiguilles.com\/all\/wp-content\/uploads\/sites\/4\/nggallery\/travaux\/thumbs\/thumbs_chateau-aiguilles-travaux-7-Medium.jpg\"\n\t\t\t\t\twidth=\"240\"\n\t\t\t\t\theight=\"160\"\n\t\t\t\t\tstyle=\"max-width:100%;\"\n\t\t\t\t\/>\n\t\t\t<\/a>\n\t\t<\/div>\n\t\t\t\t\t\t\t<\/div>\n\t\t\t\n\t\t\t\t<div id=\"ngg-image-7\" class=\"ngg-gallery-thumbnail-box\n\t\t\t\t\t\t\t\t\t\t\t\"\n\t\t\t>\n\t\t\t\t\t\t<div class=\"ngg-gallery-thumbnail\">\n\t\t\t<a href=\"https:\/\/www.chateau-des-aiguilles.com\/all\/wp-content\/uploads\/sites\/4\/nggallery\/travaux\/chateau-aiguilles-travaux-8-Medium.jpg\"\n\t\t\t\ttitle=\"\"\n\t\t\t\tdata-src=\"https:\/\/www.chateau-des-aiguilles.com\/all\/wp-content\/uploads\/sites\/4\/nggallery\/travaux\/chateau-aiguilles-travaux-8-Medium.jpg\"\n\t\t\t\tdata-thumbnail=\"https:\/\/www.chateau-des-aiguilles.com\/all\/wp-content\/uploads\/sites\/4\/nggallery\/travaux\/thumbs\/thumbs_chateau-aiguilles-travaux-8-Medium.jpg\"\n\t\t\t\tdata-image-id=\"24\"\n\t\t\t\tdata-title=\"chateau aiguilles travaux (8) (Medium)\"\n\t\t\t\tdata-description=\"\"\n\t\t\t\tdata-image-slug=\"chateau-aiguilles-travaux-8-medium\"\n\t\t\t\t\t\t\t\t\t\t\t\t\t\t\t\t\t\t\t\tclass=\"ngg-fancybox\" rel=\"dcc33971210713f1723ee9dbf2e072e6\">\n\t\t\t\t\t\t\t\t<img\n\t\t\t\t\ttitle=\"chateau aiguilles travaux (8) (Medium)\"\n\t\t\t\t\talt=\"chateau aiguilles travaux (8) (Medium)\"\n\t\t\t\t\tsrc=\"https:\/\/www.chateau-des-aiguilles.com\/all\/wp-content\/uploads\/sites\/4\/nggallery\/travaux\/thumbs\/thumbs_chateau-aiguilles-travaux-8-Medium.jpg\"\n\t\t\t\t\twidth=\"240\"\n\t\t\t\t\theight=\"160\"\n\t\t\t\t\tstyle=\"max-width:100%;\"\n\t\t\t\t\/>\n\t\t\t<\/a>\n\t\t<\/div>\n\t\t\t\t\t\t\t<\/div>\n\t\t\t\n\t\n\t<br style=\"clear: both\" \/>\n\n\t\n\t\t<!-- Pagination -->\n\t\t<div class='ngg-clear'><\/div>\t<\/div>\n<\/p>\n","protected":false},"excerpt":{"rendered":"<p>2011 erwarben wir das Anwesen \u00abLe Ch\u00e2teau des Aiguilles\u00bb. Die Aussenmauern und das Dach wurden aufwendig renoviert. Dadurch erhielt das mittelalterliche Geb\u00e4ude\u00a0 wieder seine urspr\u00fcngliche Sch\u00f6nheit. Weiterhin wurden die Parkanlagen um das Schloss und den M\u00fchlbach grundlegend zum Wohle der G\u00e4ste neu gestaltet. Heute bieten der beheizte Pool und die angrenzende G\u00e4steterrasse mit Springbrunnen, ein <a class=\"more-link\" href=\"https:\/\/www.chateau-des-aiguilles.com\/all\/unser-schloss-gestern-und-heute\/\">Lire plus &#8230;<\/a><\/p>\n","protected":false},"author":1,"featured_media":0,"parent":0,"menu_order":0,"comment_status":"closed","ping_status":"closed","template":"","meta":{"ngg_post_thumbnail":0,"footnotes":""},"class_list":["post-82","page","type-page","status-publish","hentry"],"_links":{"self":[{"href":"https:\/\/www.chateau-des-aiguilles.com\/all\/wp-json\/wp\/v2\/pages\/82","targetHints":{"allow":["GET"]}}],"collection":[{"href":"https:\/\/www.chateau-des-aiguilles.com\/all\/wp-json\/wp\/v2\/pages"}],"about":[{"href":"https:\/\/www.chateau-des-aiguilles.com\/all\/wp-json\/wp\/v2\/types\/page"}],"author":[{"embeddable":true,"href":"https:\/\/www.chateau-des-aiguilles.com\/all\/wp-json\/wp\/v2\/users\/1"}],"replies":[{"embeddable":true,"href":"https:\/\/www.chateau-des-aiguilles.com\/all\/wp-json\/wp\/v2\/comments?post=82"}],"version-history":[{"count":2,"href":"https:\/\/www.chateau-des-aiguilles.com\/all\/wp-json\/wp\/v2\/pages\/82\/revisions"}],"predecessor-version":[{"id":103,"href":"https:\/\/www.chateau-des-aiguilles.com\/all\/wp-json\/wp\/v2\/pages\/82\/revisions\/103"}],"wp:attachment":[{"href":"https:\/\/www.chateau-des-aiguilles.com\/all\/wp-json\/wp\/v2\/media?parent=82"}],"curies":[{"name":"wp","href":"https:\/\/api.w.org\/{rel}","templated":true}]}}