{"id":26,"date":"2015-11-09T13:53:22","date_gmt":"2015-11-09T12:53:22","guid":{"rendered":"http:\/\/www.chateau-des-aiguilles.com\/all\/?page_id=26"},"modified":"2017-01-09T22:35:15","modified_gmt":"2017-01-09T21:35:15","slug":"usson","status":"publish","type":"page","link":"https:\/\/www.chateau-des-aiguilles.com\/all\/usson\/","title":{"rendered":"Usson"},"content":{"rendered":"<p>G\u00e4stezimmer: Usson<br \/>\nAuch dieses G\u00e4stezimmer hat einen Blick auf Usson. W\u00e4hrend ihrer Verbannung lebte dort die K\u00f6nigin Margot<br \/>\nDieses Zimmer hat eine mittelalterlich anmutende Einrichtung (Himmelbett 140 cm breit), sowie einen Zugang zum eigenen Badezimmer (Waschbecken und Wellness-Dusche).<br \/>\nDie dazugeh\u00f6rige Toilette befindet sich au\u00dferhalb des G\u00e4stezimmers. (Fernseher und W-Lan auch hier kostenlos)!<br \/>\nMaximale Personenzahl 1 &#8211; 2<\/p>\n<p>Preise :<\/p>\n<p><span id=\"result_box\" class=\"\" lang=\"de\" style=\"color: #ff0000;\">F\u00fcr die besten Preise, <span class=\"\">buchen<\/span> <span class=\"\">Sie Ihr Zimmer bitte<\/span> <span class=\"\">auf unserer Website <\/span><span class=\"\">:<\/span><\/span><\/p>\n<p>1 Person: 75 \u20ac<br \/>\n2 Personen: 80\u20ac<br \/>\nBabybett: 20\u20ac<\/p>\n<p><a href=\"http:\/\/www.chateau-des-aiguilles.com\/all\/wp-content\/uploads\/sites\/4\/2015\/11\/3.jpg\"><img fetchpriority=\"high\" decoding=\"async\" class=\"alignright size-full wp-image-220\" src=\"http:\/\/www.chateau-des-aiguilles.com\/all\/wp-content\/uploads\/sites\/4\/2015\/11\/3.jpg\" alt=\"3\" width=\"1152\" height=\"768\" srcset=\"https:\/\/www.chateau-des-aiguilles.com\/all\/wp-content\/uploads\/sites\/4\/2015\/11\/3.jpg 1152w, https:\/\/www.chateau-des-aiguilles.com\/all\/wp-content\/uploads\/sites\/4\/2015\/11\/3-300x200.jpg 300w, https:\/\/www.chateau-des-aiguilles.com\/all\/wp-content\/uploads\/sites\/4\/2015\/11\/3-1024x683.jpg 1024w\" sizes=\"(max-width: 1152px) 100vw, 1152px\" \/><\/a><\/p>\n<p>&nbsp;<\/p>\n<p><a href=\"http:\/\/www.chateau-des-aiguilles.com\/en\/wp-content\/uploads\/sites\/3\/2015\/08\/DSC_0073.jpg\"><img decoding=\"async\" class=\"alignright size-medium wp-image-279\" src=\"http:\/\/www.chateau-des-aiguilles.com\/en\/wp-content\/uploads\/sites\/3\/2015\/08\/bouton-reserver-en-300x83.png\" alt=\"bouton-reserver-en\" width=\"300\" height=\"83\" \/><br \/>\n<\/a><\/p>\n<p>&nbsp;<\/p>\n<p>&nbsp;<\/p>\n<p><a href=\"http:\/\/www.chateau-des-aiguilles.com\/all\/wp-content\/uploads\/sites\/4\/2015\/11\/5bb1.jpg\"><img decoding=\"async\" class=\"alignright wp-image-223 size-medium\" src=\"http:\/\/www.chateau-des-aiguilles.com\/all\/wp-content\/uploads\/sites\/4\/2015\/11\/5bb1-189x300.jpg\" alt=\"5bb1\" width=\"189\" height=\"300\" srcset=\"https:\/\/www.chateau-des-aiguilles.com\/all\/wp-content\/uploads\/sites\/4\/2015\/11\/5bb1-189x300.jpg 189w, https:\/\/www.chateau-des-aiguilles.com\/all\/wp-content\/uploads\/sites\/4\/2015\/11\/5bb1-645x1024.jpg 645w, https:\/\/www.chateau-des-aiguilles.com\/all\/wp-content\/uploads\/sites\/4\/2015\/11\/5bb1.jpg 761w\" sizes=\"(max-width: 189px) 100vw, 189px\" \/><\/a> <a href=\"http:\/\/www.chateau-des-aiguilles.com\/all\/wp-content\/uploads\/sites\/4\/2015\/11\/4bb.jpg\"><img loading=\"lazy\" decoding=\"async\" class=\"alignright wp-image-222 size-medium\" src=\"http:\/\/www.chateau-des-aiguilles.com\/all\/wp-content\/uploads\/sites\/4\/2015\/11\/4bb-189x300.jpg\" alt=\"4bb\" width=\"189\" height=\"300\" srcset=\"https:\/\/www.chateau-des-aiguilles.com\/all\/wp-content\/uploads\/sites\/4\/2015\/11\/4bb-189x300.jpg 189w, https:\/\/www.chateau-des-aiguilles.com\/all\/wp-content\/uploads\/sites\/4\/2015\/11\/4bb-645x1024.jpg 645w, https:\/\/www.chateau-des-aiguilles.com\/all\/wp-content\/uploads\/sites\/4\/2015\/11\/4bb.jpg 761w\" sizes=\"(max-width: 189px) 100vw, 189px\" \/><\/a> <a href=\"http:\/\/www.chateau-des-aiguilles.com\/all\/wp-content\/uploads\/sites\/4\/2015\/11\/3bb.jpg\"><img loading=\"lazy\" decoding=\"async\" class=\"alignright wp-image-221 size-medium\" src=\"http:\/\/www.chateau-des-aiguilles.com\/all\/wp-content\/uploads\/sites\/4\/2015\/11\/3bb-300x220.jpg\" alt=\"3bb\" width=\"300\" height=\"220\" srcset=\"https:\/\/www.chateau-des-aiguilles.com\/all\/wp-content\/uploads\/sites\/4\/2015\/11\/3bb-300x220.jpg 300w, https:\/\/www.chateau-des-aiguilles.com\/all\/wp-content\/uploads\/sites\/4\/2015\/11\/3bb-1024x750.jpg 1024w, https:\/\/www.chateau-des-aiguilles.com\/all\/wp-content\/uploads\/sites\/4\/2015\/11\/3bb.jpg 1152w\" sizes=\"(max-width: 300px) 100vw, 300px\" \/><\/a> <a href=\"http:\/\/www.chateau-des-aiguilles.com\/all\/wp-content\/uploads\/sites\/4\/2015\/11\/2bb.jpg\"><img loading=\"lazy\" decoding=\"async\" class=\"alignright size-medium wp-image-219\" src=\"http:\/\/www.chateau-des-aiguilles.com\/all\/wp-content\/uploads\/sites\/4\/2015\/11\/2bb-300x220.jpg\" alt=\"2bb\" width=\"300\" height=\"220\" srcset=\"https:\/\/www.chateau-des-aiguilles.com\/all\/wp-content\/uploads\/sites\/4\/2015\/11\/2bb-300x220.jpg 300w, https:\/\/www.chateau-des-aiguilles.com\/all\/wp-content\/uploads\/sites\/4\/2015\/11\/2bb-1024x750.jpg 1024w, https:\/\/www.chateau-des-aiguilles.com\/all\/wp-content\/uploads\/sites\/4\/2015\/11\/2bb.jpg 1152w\" sizes=\"(max-width: 300px) 100vw, 300px\" \/><\/a><\/p>\n","protected":false},"excerpt":{"rendered":"<p>G\u00e4stezimmer: Usson Auch dieses G\u00e4stezimmer hat einen Blick auf Usson. W\u00e4hrend ihrer Verbannung lebte dort die K\u00f6nigin Margot Dieses Zimmer hat eine mittelalterlich anmutende Einrichtung (Himmelbett 140 cm breit), sowie einen Zugang zum eigenen Badezimmer (Waschbecken und Wellness-Dusche). Die dazugeh\u00f6rige Toilette befindet sich au\u00dferhalb des G\u00e4stezimmers. (Fernseher und W-Lan auch hier kostenlos)! Maximale Personenzahl 1 <a class=\"more-link\" href=\"https:\/\/www.chateau-des-aiguilles.com\/all\/usson\/\">Lire plus &#8230;<\/a><\/p>\n","protected":false},"author":1,"featured_media":0,"parent":0,"menu_order":0,"comment_status":"closed","ping_status":"closed","template":"","meta":{"ngg_post_thumbnail":0,"footnotes":""},"class_list":["post-26","page","type-page","status-publish","hentry"],"_links":{"self":[{"href":"https:\/\/www.chateau-des-aiguilles.com\/all\/wp-json\/wp\/v2\/pages\/26","targetHints":{"allow":["GET"]}}],"collection":[{"href":"https:\/\/www.chateau-des-aiguilles.com\/all\/wp-json\/wp\/v2\/pages"}],"about":[{"href":"https:\/\/www.chateau-des-aiguilles.com\/all\/wp-json\/wp\/v2\/types\/page"}],"author":[{"embeddable":true,"href":"https:\/\/www.chateau-des-aiguilles.com\/all\/wp-json\/wp\/v2\/users\/1"}],"replies":[{"embeddable":true,"href":"https:\/\/www.chateau-des-aiguilles.com\/all\/wp-json\/wp\/v2\/comments?post=26"}],"version-history":[{"count":15,"href":"https:\/\/www.chateau-des-aiguilles.com\/all\/wp-json\/wp\/v2\/pages\/26\/revisions"}],"predecessor-version":[{"id":229,"href":"https:\/\/www.chateau-des-aiguilles.com\/all\/wp-json\/wp\/v2\/pages\/26\/revisions\/229"}],"wp:attachment":[{"href":"https:\/\/www.chateau-des-aiguilles.com\/all\/wp-json\/wp\/v2\/media?parent=26"}],"curies":[{"name":"wp","href":"https:\/\/api.w.org\/{rel}","templated":true}]}}