{"id":22,"date":"2015-11-09T13:49:58","date_gmt":"2015-11-09T12:49:58","guid":{"rendered":"http:\/\/www.chateau-des-aiguilles.com\/all\/?page_id=22"},"modified":"2015-11-26T17:03:52","modified_gmt":"2015-11-26T16:03:52","slug":"marine","status":"publish","type":"page","link":"https:\/\/www.chateau-des-aiguilles.com\/all\/marine\/","title":{"rendered":"Marine"},"content":{"rendered":"<p>G\u00e4stezimmer: Marine<\/p>\n<p>Das Zimmer verf\u00fcgt \u00fcber ein Doppelbett (Breite 160 cm) und ein Einzelbett (90 cm), es ist also familiengerecht.<\/p>\n<p>Bad mit Wellness-Dusche und WC.<\/p>\n<p>Blick auf eine h\u00fcgelige Landschaft und das Dorf Usson<\/p>\n<p>Kostenloser Fernseher und W-Lan Nutzung<\/p>\n<p><strong>Maximale Personenzahl 4<\/strong><\/p>\n<p><strong>Preise :<br \/>\n<\/strong><br \/>\n1 Person: 80 \u20ac<br \/>\n2 Personen: 90 \u20ac<br \/>\n3 Personen: 120 \u20ac<br \/>\n4 Personen : 150 \u20ac<br \/>\nBabybett: 20 \u20ac<\/p>\n<p><a href=\"http:\/\/www.chateau-des-aiguilles.com\/en\/wp-content\/uploads\/sites\/3\/2015\/08\/1.jpg\"><img fetchpriority=\"high\" decoding=\"async\" class=\"wp-image-44 size-large alignnone\" src=\"http:\/\/www.chateau-des-aiguilles.com\/en\/wp-content\/uploads\/sites\/3\/2015\/08\/1-1024x683.jpg\" alt=\"\" width=\"780\" height=\"520\" \/><br \/>\n<\/a><\/p>\n<p><a href=\"http:\/\/www.chateau-des-aiguilles.com\/en\/wp-content\/uploads\/sites\/3\/2015\/08\/sdb.jpg\"><img decoding=\"async\" class=\"size-full wp-image-279 alignright\" src=\"http:\/\/www.chateau-des-aiguilles.com\/en\/wp-content\/uploads\/sites\/3\/2015\/08\/bouton-reserver-en.png\" alt=\"bouton-reserver-en\" width=\"360\" height=\"100\" \/><br \/>\n<\/a><\/p>\n<p>&nbsp;<\/p>\n<p><a href=\"http:\/\/www.chateau-des-aiguilles.com\/en\/wp-content\/uploads\/sites\/3\/2015\/08\/2.jpg\"><br \/>\n<img decoding=\"async\" class=\"alignnone size-medium wp-image-281\" src=\"http:\/\/www.chateau-des-aiguilles.com\/en\/wp-content\/uploads\/sites\/3\/2015\/08\/2-300x225.jpg\" alt=\"2\" width=\"300\" height=\"225\" \/><img loading=\"lazy\" decoding=\"async\" class=\"size-medium wp-image-280 alignleft\" src=\"http:\/\/www.chateau-des-aiguilles.com\/en\/wp-content\/uploads\/sites\/3\/2015\/08\/sdb-300x300.jpg\" alt=\"sdb\" width=\"300\" height=\"300\" \/><\/a><\/p>\n","protected":false},"excerpt":{"rendered":"<p>G\u00e4stezimmer: Marine Das Zimmer verf\u00fcgt \u00fcber ein Doppelbett (Breite 160 cm) und ein Einzelbett (90 cm), es ist also familiengerecht. Bad mit Wellness-Dusche und WC. Blick auf eine h\u00fcgelige Landschaft und das Dorf Usson Kostenloser Fernseher und W-Lan Nutzung Maximale Personenzahl 4 Preise : 1 Person: 80 \u20ac 2 Personen: 90 \u20ac 3 Personen: 120 <a class=\"more-link\" href=\"https:\/\/www.chateau-des-aiguilles.com\/all\/marine\/\">Lire plus &#8230;<\/a><\/p>\n","protected":false},"author":1,"featured_media":0,"parent":0,"menu_order":0,"comment_status":"closed","ping_status":"closed","template":"","meta":{"ngg_post_thumbnail":0,"footnotes":""},"class_list":["post-22","page","type-page","status-publish","hentry"],"_links":{"self":[{"href":"https:\/\/www.chateau-des-aiguilles.com\/all\/wp-json\/wp\/v2\/pages\/22","targetHints":{"allow":["GET"]}}],"collection":[{"href":"https:\/\/www.chateau-des-aiguilles.com\/all\/wp-json\/wp\/v2\/pages"}],"about":[{"href":"https:\/\/www.chateau-des-aiguilles.com\/all\/wp-json\/wp\/v2\/types\/page"}],"author":[{"embeddable":true,"href":"https:\/\/www.chateau-des-aiguilles.com\/all\/wp-json\/wp\/v2\/users\/1"}],"replies":[{"embeddable":true,"href":"https:\/\/www.chateau-des-aiguilles.com\/all\/wp-json\/wp\/v2\/comments?post=22"}],"version-history":[{"count":7,"href":"https:\/\/www.chateau-des-aiguilles.com\/all\/wp-json\/wp\/v2\/pages\/22\/revisions"}],"predecessor-version":[{"id":192,"href":"https:\/\/www.chateau-des-aiguilles.com\/all\/wp-json\/wp\/v2\/pages\/22\/revisions\/192"}],"wp:attachment":[{"href":"https:\/\/www.chateau-des-aiguilles.com\/all\/wp-json\/wp\/v2\/media?parent=22"}],"curies":[{"name":"wp","href":"https:\/\/api.w.org\/{rel}","templated":true}]}}