{"id":203,"date":"2015-12-02T16:24:21","date_gmt":"2015-12-02T15:24:21","guid":{"rendered":"http:\/\/www.chateau-des-aiguilles.com\/all\/?page_id=203"},"modified":"2015-12-02T16:28:07","modified_gmt":"2015-12-02T15:28:07","slug":"die-geschichte-des-chateau-des-aiguilles","status":"publish","type":"page","link":"https:\/\/www.chateau-des-aiguilles.com\/all\/die-geschichte-des-chateau-des-aiguilles\/","title":{"rendered":"Die Geschichte des \u00ab  Ch\u00e2teau des Aiguilles \u00bb"},"content":{"rendered":"<p>Les Aiguilles ist eine Verteidigungsanlage, die wahrscheinlich im XIV. Jahrhundert errichtet und im XVI Jahrhundert als Lehnsgut erkl\u00e4rt und umgebaut wurde<\/p>\n<p>Diese Baugeschchte ist gr\u00f6sstenteils unbekannt bis zu dem Zeitpunkt, als folgende Besitzer, die das Anwesen \u00fcbernahmen, urkundlich erw\u00e4hnt wurden.<\/p>\n<ul>\n<li>Alain THERMES, k\u00f6niglicher Justisminister im Jahre 1518<\/li>\n<li>Der Graf von Oradour und \u00a0zu Authezas<\/li>\n<li>Gilbert de Pons im Jahre 1560<\/li>\n<li>Antoine de Rochemure 1720<\/li>\n<li>Louis von \u00a0Rochemure als Erbe seines Vaters<\/li>\n<li>Marie Gabriel von Chalier im Jahre 1775, Ehefrau von Joseph Moreau, dem Gutsherrn \u00a0von Le Perthus<\/li>\n<li>Marc Trison, Steuereinnehmer der Stadt Brioude<\/li>\n<li>F\u00fcr die Zeit danach bis 1800 fehlen genauere Angaben<\/li>\n<\/ul>\n<p>Ander historische \u00ab\u00a0Bruchst\u00fccke\u00a0\u00bb<\/p>\n<ul>\n<li>Der Maler Jean Hippolyte (1847 \u2013 1896), Besitzer des Anwesens, \u00a0verkaufte landwirtchaftliche Nutzfl\u00e4chen, einen Schuppen\u00a0 und eine Scheune<\/li>\n<li>Dann wurde das Anwesen an die Familie Duche verkauft, die schon einige Grundst\u00fccke des Schlosses erworben hatte<\/li>\n<li>C\u00e9cile , die Tochter der Besitzer erbte nach deren\u00a0 Tod das Gut<\/li>\n<li>Und seit dem gehen die Nachforschungen weiter<\/li>\n<li>2011 erwerben Sophie und Eric das Anwesen , das sie aufwendig renovierten, um ihren Kunden angenehme G\u00e4stezimmer anzubieten<\/li>\n<\/ul>\n","protected":false},"excerpt":{"rendered":"<p>Les Aiguilles ist eine Verteidigungsanlage, die wahrscheinlich im XIV. Jahrhundert errichtet und im XVI Jahrhundert als Lehnsgut erkl\u00e4rt und umgebaut wurde Diese Baugeschchte ist gr\u00f6sstenteils unbekannt bis zu dem Zeitpunkt, als folgende Besitzer, die das Anwesen \u00fcbernahmen, urkundlich erw\u00e4hnt wurden. Alain THERMES, k\u00f6niglicher Justisminister im Jahre 1518 Der Graf von Oradour und \u00a0zu Authezas Gilbert <a class=\"more-link\" href=\"https:\/\/www.chateau-des-aiguilles.com\/all\/die-geschichte-des-chateau-des-aiguilles\/\">Lire plus &#8230;<\/a><\/p>\n","protected":false},"author":1,"featured_media":0,"parent":0,"menu_order":0,"comment_status":"closed","ping_status":"closed","template":"","meta":{"ngg_post_thumbnail":0,"footnotes":""},"class_list":["post-203","page","type-page","status-publish","hentry"],"_links":{"self":[{"href":"https:\/\/www.chateau-des-aiguilles.com\/all\/wp-json\/wp\/v2\/pages\/203","targetHints":{"allow":["GET"]}}],"collection":[{"href":"https:\/\/www.chateau-des-aiguilles.com\/all\/wp-json\/wp\/v2\/pages"}],"about":[{"href":"https:\/\/www.chateau-des-aiguilles.com\/all\/wp-json\/wp\/v2\/types\/page"}],"author":[{"embeddable":true,"href":"https:\/\/www.chateau-des-aiguilles.com\/all\/wp-json\/wp\/v2\/users\/1"}],"replies":[{"embeddable":true,"href":"https:\/\/www.chateau-des-aiguilles.com\/all\/wp-json\/wp\/v2\/comments?post=203"}],"version-history":[{"count":2,"href":"https:\/\/www.chateau-des-aiguilles.com\/all\/wp-json\/wp\/v2\/pages\/203\/revisions"}],"predecessor-version":[{"id":205,"href":"https:\/\/www.chateau-des-aiguilles.com\/all\/wp-json\/wp\/v2\/pages\/203\/revisions\/205"}],"wp:attachment":[{"href":"https:\/\/www.chateau-des-aiguilles.com\/all\/wp-json\/wp\/v2\/media?parent=203"}],"curies":[{"name":"wp","href":"https:\/\/api.w.org\/{rel}","templated":true}]}}