{"id":160,"date":"2015-11-13T18:41:33","date_gmt":"2015-11-13T17:41:33","guid":{"rendered":"http:\/\/www.chateau-des-aiguilles.com\/all\/?page_id=160"},"modified":"2015-11-13T18:48:21","modified_gmt":"2015-11-13T17:48:21","slug":"preise-reservierung","status":"publish","type":"page","link":"https:\/\/www.chateau-des-aiguilles.com\/all\/preise-reservierung\/","title":{"rendered":"Preise &#038; Reservierung:"},"content":{"rendered":"<p><strong>Wir bieten Ihnen vier G\u00e4stezimmer ab 75 \u20ac an:<\/strong><br \/>\n<a href=\"http:\/\/www.chateau-des-aiguilles.com\/all\/marine\/\">Marine<\/a>: 1 &#8211; 4 Personen.<br \/>\n<a href=\"http:\/\/www.chateau-des-aiguilles.com\/all\/orient\/\">Orient<\/a>: 1 \u2013 3 Personen.<br \/>\n<a href=\"http:\/\/www.chateau-des-aiguilles.com\/all\/usson\/\">Usson<\/a>: 1 &#8211; 2 Personen.<br \/>\n<a href=\"http:\/\/www.chateau-des-aiguilles.com\/all\/zen\/\">Zen<\/a>:1 &#8211; 5 Personen<\/p>\n<p>Alle Preise inklusive Fr\u00fchst\u00fcck.<br \/>\nAbh\u00e4ngig vom Wetter, kann das Fr\u00fchst\u00fcck auf der Terrasse oder im Speisezimmer des Schlosses eingenommen werden.<br \/>\nFr\u00fchester Check-in 17:00 Uhr<br \/>\nSp\u00e4tester Check-out 11:00 Uhr<br \/>\nAchtung: unser Anwesen ist von 11:00 bis 17:00 Uhr geschlossen<\/p>\n<hr \/>\n<p><strong>Bitte f\u00fcr Reservierungen (Verf\u00fcgbarkeit der Zimmer) und Kostenvoranschlag folgende Angaben eingeben<\/strong><\/p>\n<p><script src=\"http:\/\/gadget.open-system.fr\/widgets-libs\/rel\/noyau-1.0.min.js\" type=\"text\/javascript\"><\/script><script type=\"text\/javascript\">\/\/ <![CDATA[\n( function() { var widgetProduit = AllianceReseaux.Widget.Instance( \"Produit\", { idPanier:\"xfvFxcU\", idIntegration:312, langue:\"de\", ui:\"OSCH-43948\" } ); widgetProduit.Initialise(); })();\n\/\/ ]]><\/script><\/p>\n<div id=\"widget-produit-OSCH-43948\"><\/div>\n<hr \/>\n<p><strong>Bei uns verf\u00fcgen Sie \u00fcber:<\/strong><\/p>\n<ul>\n<li>W-Lan &amp; Fernseher in allen G\u00e4stezimmern<\/li>\n<li>Geheizter Pool von April &#8211; Oktober.<\/li>\n<li>Eine Terrasse zum Picknicken oder um gem\u00fctlich etwas zu trinken.<\/li>\n<li>Einen gesicherten Parkplatz auf unserem Gel\u00e4nde<\/li>\n<li>Auf Wunsch und Reservierung bereiten wir Ihnen auch eine Mahlzeit unter einem bestimmten Motto zu (siehe Beispiel weiter unten)<\/li>\n<\/ul>\n<p>Akzeptierte Zahlungsmittel\u00a0: <img decoding=\"async\" class=\"alignnone wp-image-281 size-full\" src=\"http:\/\/www.chateau-des-aiguilles.com\/wp-content\/uploads\/2015\/08\/cavi.gif\" alt=\"cavi\" width=\"60\" height=\"78\" \/><img decoding=\"async\" class=\"alignnone size-full wp-image-285\" src=\"http:\/\/www.chateau-des-aiguilles.com\/wp-content\/uploads\/2015\/08\/caae2.jpg\" alt=\"caae2\" width=\"87\" height=\"78\" \/><img decoding=\"async\" class=\"alignnone wp-image-531 size-full\" title=\"Paiement en esp\u00e8ces\" src=\"http:\/\/www.chateau-des-aiguilles.com\/wp-content\/uploads\/2015\/11\/especes.jpg\" alt=\"especes\" width=\"95\" height=\"80\" \/><img loading=\"lazy\" decoding=\"async\" class=\"size-full wp-image-533 alignnone\" src=\"http:\/\/www.chateau-des-aiguilles.com\/wp-content\/uploads\/2015\/08\/ChequeCadeau-web.gif\" alt=\"ChequeCadeau-web\" width=\"84\" height=\"34\" \/><\/p>\n","protected":false},"excerpt":{"rendered":"<p>Wir bieten Ihnen vier G\u00e4stezimmer ab 75 \u20ac an: Marine: 1 &#8211; 4 Personen. Orient: 1 \u2013 3 Personen. Usson: 1 &#8211; 2 Personen. Zen:1 &#8211; 5 Personen Alle Preise inklusive Fr\u00fchst\u00fcck. Abh\u00e4ngig vom Wetter, kann das Fr\u00fchst\u00fcck auf der Terrasse oder im Speisezimmer des Schlosses eingenommen werden. Fr\u00fchester Check-in 17:00 Uhr Sp\u00e4tester Check-out 11:00 <a class=\"more-link\" href=\"https:\/\/www.chateau-des-aiguilles.com\/all\/preise-reservierung\/\">Lire plus &#8230;<\/a><\/p>\n","protected":false},"author":1,"featured_media":0,"parent":0,"menu_order":0,"comment_status":"closed","ping_status":"closed","template":"","meta":{"ngg_post_thumbnail":0,"footnotes":""},"class_list":["post-160","page","type-page","status-publish","hentry"],"_links":{"self":[{"href":"https:\/\/www.chateau-des-aiguilles.com\/all\/wp-json\/wp\/v2\/pages\/160","targetHints":{"allow":["GET"]}}],"collection":[{"href":"https:\/\/www.chateau-des-aiguilles.com\/all\/wp-json\/wp\/v2\/pages"}],"about":[{"href":"https:\/\/www.chateau-des-aiguilles.com\/all\/wp-json\/wp\/v2\/types\/page"}],"author":[{"embeddable":true,"href":"https:\/\/www.chateau-des-aiguilles.com\/all\/wp-json\/wp\/v2\/users\/1"}],"replies":[{"embeddable":true,"href":"https:\/\/www.chateau-des-aiguilles.com\/all\/wp-json\/wp\/v2\/comments?post=160"}],"version-history":[{"count":6,"href":"https:\/\/www.chateau-des-aiguilles.com\/all\/wp-json\/wp\/v2\/pages\/160\/revisions"}],"predecessor-version":[{"id":167,"href":"https:\/\/www.chateau-des-aiguilles.com\/all\/wp-json\/wp\/v2\/pages\/160\/revisions\/167"}],"wp:attachment":[{"href":"https:\/\/www.chateau-des-aiguilles.com\/all\/wp-json\/wp\/v2\/media?parent=160"}],"curies":[{"name":"wp","href":"https:\/\/api.w.org\/{rel}","templated":true}]}}