{"id":12,"date":"2015-11-09T12:14:47","date_gmt":"2015-11-09T11:14:47","guid":{"rendered":"http:\/\/www.chateau-des-aiguilles.com\/all\/?page_id=12"},"modified":"2017-01-05T16:40:03","modified_gmt":"2017-01-05T15:40:03","slug":"12-2","status":"publish","type":"page","link":"https:\/\/www.chateau-des-aiguilles.com\/all\/","title":{"rendered":"Unsere G\u00e4stezimmer"},"content":{"rendered":"<p><a href=\"http:\/\/www.chateau-des-aiguilles.com\/all\/wp-content\/uploads\/sites\/4\/2015\/11\/12697350_154747644908504_560670971412924818_o.jpg\"><img decoding=\"async\" class=\"size-full wp-image-214 alignleft\" src=\"http:\/\/www.chateau-des-aiguilles.com\/all\/wp-content\/uploads\/sites\/4\/2015\/11\/12697350_154747644908504_560670971412924818_o.jpg\" alt=\"12697350_154747644908504_560670971412924818_o\" width=\"178\" height=\"178\" srcset=\"https:\/\/www.chateau-des-aiguilles.com\/all\/wp-content\/uploads\/sites\/4\/2015\/11\/12697350_154747644908504_560670971412924818_o.jpg 178w, https:\/\/www.chateau-des-aiguilles.com\/all\/wp-content\/uploads\/sites\/4\/2015\/11\/12697350_154747644908504_560670971412924818_o-150x150.jpg 150w\" sizes=\"(max-width: 178px) 100vw, 178px\" \/><\/a><\/p>\n<p>&nbsp;<\/p>\n<p>&nbsp;<\/p>\n<p>Unser Schloss \u00abLes Aiguilles\u00bb befindet sich in dem kleinen Dorf St. R\u00e9my-de-Chargnat. Es ist ein ruhiger und friedlicher Ort, am Rande des regionalen Naturparks Livradois-Forez gelegen, unweit von Issoire (A 75, Ausfahrt 13) und ca. 30 Minuten von Clermont-Ferrand entfernt.<br \/>\n<img decoding=\"async\" class=\"size-full wp-image-466 alignright\" src=\"http:\/\/www.chateau-des-aiguilles.com\/wp-content\/uploads\/2015\/08\/gite_de_france_.jpg\" alt=\"G\u00eetes de France \u00e0 Issoire\" width=\"177\" height=\"99\" \/>Unsere vier gem\u00fctliche und komfortable G\u00e4stezimmer wurden von dem Verein G\u00eete de France mit drei \u00ab Kin\u00e4pfelchen \u00bb ausgezeichnet. Dies auch wegen einer blumenreichen Terrasse und mit einem von April bis Oktober beheizten Pool f\u00fcr unsere G\u00e4ste. Fernsehen und W-Lan k\u00f6nnen Sie w\u00e4hrend Ihres Aufenthaltes auf allen Zimmern kostenlos nutzen.<br \/>\nWir Eric, sorgen f\u00fcr Ihr Wohlbefinden, damit Sie in Ihren Aufenthalt in entspannter Atmosph\u00e4re genie\u00dfen k\u00f6nnen.<\/p>\n","protected":false},"excerpt":{"rendered":"<p>&nbsp; &nbsp; Unser Schloss \u00abLes Aiguilles\u00bb befindet sich in dem kleinen Dorf St. R\u00e9my-de-Chargnat. Es ist ein ruhiger und friedlicher Ort, am Rande des regionalen Naturparks Livradois-Forez gelegen, unweit von Issoire (A 75, Ausfahrt 13) und ca. 30 Minuten von Clermont-Ferrand entfernt. Unsere vier gem\u00fctliche und komfortable G\u00e4stezimmer wurden von dem Verein G\u00eete de France <a class=\"more-link\" href=\"https:\/\/www.chateau-des-aiguilles.com\/all\/\">Lire plus &#8230;<\/a><\/p>\n","protected":false},"author":1,"featured_media":0,"parent":0,"menu_order":0,"comment_status":"closed","ping_status":"closed","template":"","meta":{"ngg_post_thumbnail":0,"footnotes":""},"class_list":["post-12","page","type-page","status-publish","hentry"],"_links":{"self":[{"href":"https:\/\/www.chateau-des-aiguilles.com\/all\/wp-json\/wp\/v2\/pages\/12","targetHints":{"allow":["GET"]}}],"collection":[{"href":"https:\/\/www.chateau-des-aiguilles.com\/all\/wp-json\/wp\/v2\/pages"}],"about":[{"href":"https:\/\/www.chateau-des-aiguilles.com\/all\/wp-json\/wp\/v2\/types\/page"}],"author":[{"embeddable":true,"href":"https:\/\/www.chateau-des-aiguilles.com\/all\/wp-json\/wp\/v2\/users\/1"}],"replies":[{"embeddable":true,"href":"https:\/\/www.chateau-des-aiguilles.com\/all\/wp-json\/wp\/v2\/comments?post=12"}],"version-history":[{"count":5,"href":"https:\/\/www.chateau-des-aiguilles.com\/all\/wp-json\/wp\/v2\/pages\/12\/revisions"}],"predecessor-version":[{"id":215,"href":"https:\/\/www.chateau-des-aiguilles.com\/all\/wp-json\/wp\/v2\/pages\/12\/revisions\/215"}],"wp:attachment":[{"href":"https:\/\/www.chateau-des-aiguilles.com\/all\/wp-json\/wp\/v2\/media?parent=12"}],"curies":[{"name":"wp","href":"https:\/\/api.w.org\/{rel}","templated":true}]}}